{"id":1800,"date":"2025-02-10T14:21:53","date_gmt":"2025-02-10T13:21:53","guid":{"rendered":"https:\/\/fraeylemaborg.nl\/sehen-und-machen\/ausstellungen\/fraeylemaborg\/"},"modified":"2025-06-11T14:07:29","modified_gmt":"2025-06-11T12:07:29","slug":"fraeylemaborg","status":"publish","type":"page","link":"https:\/\/fraeylemaborg.nl\/de\/sehen-und-machen\/ausstellungen\/fraeylemaborg\/","title":{"rendered":"Fraeylemaborg"},"content":{"rendered":"<div class=\"wpb-content-wrapper\">[vc_section full_width=&#8220;stretch_row&#8220; content_placement=&#8220;bottom&#8220; min_height=&#8220;600px&#8220; el_class=&#8220;topstrook wit&#8220; css=&#8220;.vc_custom_1740057394387{background-image: url(https:\/\/fraeylemaborg.nl\/wp-content\/uploads\/2025\/02\/Fraeylemaborg_feb25_039-Ronald-Zijlstra-2.webp?id=531) !important;background-position: center !important;background-repeat: no-repeat !important;background-size: cover !important;}&#8220;][vc_row gap=&#8220;35&#8243;][vc_column][vc_column_text css=&#8220;&#8220; el_class=&#8220;toptitel&#8220;]Ausstellung[\/vc_column_text][\/vc_column][\/vc_row][\/vc_section][vc_section full_width=&#8220;stretch_row&#8220; css=&#8220;.vc_custom_1736849115690{padding-top: 15px !important;}&#8220; el_class=&#8220;broodkruimels rs_skip&#8220;][vc_row gap=&#8220;35&#8243;][vc_column][vc_column_text css=&#8220;.vc_custom_1734013767112{margin-bottom: 15px !important;}&#8220;]<span><span><a href=\"https:\/\/fraeylemaborg.nl\/de\/\">Home<\/a><\/span><\/span>[\/vc_column_text][\/vc_column][\/vc_row][\/vc_section][vc_section full_width=&#8220;stretch_row&#8220;][vc_row gap=&#8220;35&#8243;][vc_column width=&#8220;1\/6&#8243;][\/vc_column][vc_column width=&#8220;2\/3&#8243;][vc_column_text css=&#8220;.vc_custom_1749643586445{margin-bottom: 0px !important;}&#8220; el_id=&#8220;voorlezen&#8220;]<!-- RS_MODULE_CODE_2.5.3 --><div id=\"readspeaker_button1\" class=\"rs_skip rsbtn rs_preserve\"><a class=\"rsbtn_play\" title=\"Um den Text anzuh&ouml;ren, verwenden Sie bitte ReadSpeaker\" href=\"https:\/\/app-eu.readspeaker.com\/cgi-bin\/rsent?customerid=14790&amp;lang=de_de&amp;readid=post-1800&amp;url=https%3A%2F%2Ffraeylemaborg.nl%2Fde%2Fwp-json%2Fwp%2Fv2%2Fpages%2F1800\"><span class=\"rsbtn_left rsimg rspart\"><span class=\"rsbtn_text\"><span>Vorlesen<\/span><\/span><\/span><span class=\"rsbtn_right rsimg rsplay rspart\"><\/span><\/a><\/div>\n<h1>Fraeylemaborg<br \/>\nDas Leben in einer Groninger Borg<\/h1>\n[\/vc_column_text][vc_column_text css=&#8220;&#8220; el_class=&#8220;eventinfo&#8220;]Dauerausstellung[\/vc_column_text][vc_column_text css=&#8220;&#8220;]Die Fraeylemaborg zeigt das Leben in einem Adelshaus im 20 Jahrhundert. Die R\u00e4ume sind so angeordnet, dass sie den Alltag der Familienmitglieder und des Personals darstellen. Sie lebten zwischen jahrhundertealten Erbst\u00fccken und j\u00fcngeren Errungenschaften und das spiegelt sich in den R\u00e4umen wider.<\/p>\n<p>Nach dem imposanten Vestib\u00fcl und dem Besuch des Gro\u00dfen und Kleinen Saals mit Stuckdekoration kann man die au\u00dfergew\u00f6hnlichen Kissenschr\u00e4nke und das chinesische Porzellan kaum \u00fcbersehen. Die herrschaftlichen Portr\u00e4ts von K\u00f6nig-Statthalter Wilhelm III. und seiner Frau K\u00f6nigin Maria Stuart aus dem Jahr 1691 sind um Portr\u00e4ts der Bewohner und ihrer Vorfahren erg\u00e4nzt.<\/p>\n<p>Danach k\u00f6nnen Sie die R\u00e4umlichkeiten auf eigene Faust erkunden. Von den Kellerr\u00e4umen (dem \u00e4ltesten Teil) bis zum Dachboden, wo die W\u00e4sche zwischen den jahrhundertealten Balken h\u00e4ngt. Besuchen Sie das Spiel-, Bibliotheks- und Schlafzimmer, das Tageszimmer, das stilvolle Rote Zimmer mit der Deckenmalerei und das Gerrit van Houten-Zimmer.<\/p>\n<p>W\u00e4hrend Ihres Besuchs k\u00f6nnen Sie eine Brosch\u00fcre, einen Audioguide, die Fraeylema-App und Inventarlisten zur Hand nehmen. Unsere Ehrenamtlichen helfen gern bei Fragen.[\/vc_column_text][\/vc_column][vc_column width=&#8220;1\/6&#8243;][\/vc_column][\/vc_row][\/vc_section][vc_section full_width=&#8220;stretch_row&#8220; el_class=&#8220;gerelateerd&#8220; css=&#8220;.vc_custom_1736428776691{padding-bottom: 35px !important;}&#8220;][vc_row gap=&#8220;35&#8243;][vc_column][vc_column_text css=&#8220;&#8220;]\n<h3 style=\"text-align: center;\">Sehen Sie sich auch diese Ausstellungen an<\/h3>\n[\/vc_column_text][vc_raw_html css=&#8220;&#8220;]JTVCZXZlbnRzX2xpc3QlMjBzY29wZSUzRCUyMmZ1dHVyZSUyMiUyMGNhdGVnb3J5JTNEJTIydGVudG9vbnN0ZWxsaW5nZW4lMjIlMjBsaW1pdCUzRCUyMjMlMjIlNUQlM0NkaXYlMjBjbGFzcyUzRGV2ZW5lbWVudGdyaWRpbnQlM0UlM0NhJTIwaHJlZiUzRCUyM19FVkVOVFVSTCUzRSUzQ2RpdiUyMGNsYXNzJTNEZXZncmlkaW50aW1nJTNFJTNDZGl2JTIwY2xhc3MlM0RldmVuZW1lbnRncmlkaW50aW1nJTIwc3R5bGUlM0RiYWNrZ3JvdW5kLWltYWdlJTNBdXJsJTI4JTIzX0VWRU5USU1BR0VVUkwlMjklM0UlM0MlMkZkaXYlM0UlM0MlMkZkaXYlM0UlM0MlMkZhJTNFJTNDZGl2JTIwY2xhc3MlM0RldmVuZW1lbnRncmlkaW50Y29udGVudCUzRSUzQ2g0JTIwY2xhc3MlM0RldmdyaWR0aXRlbCUzRSUyM19FVkVOVExJTkslM0MlMkZoNCUzRSUzQyUyRmRpdiUzRSUzQyUyRmRpdiUzRSU1QiUyRmV2ZW50c19saXN0JTVE[\/vc_raw_html][\/vc_column][\/vc_row][\/vc_section][vc_section full_width=&#8220;stretch_row&#8220; content_placement=&#8220;middle&#8220; el_class=&#8220;uitgelicht&#8220; css=&#8220;.vc_custom_1736428741230{padding-bottom: 25px !important;}&#8220;][vc_row gap=&#8220;35&#8243;][vc_column][vc_cta h2=&#8220;Veranstaltungskalender&#8220; txt_align=&#8220;center&#8220; shape=&#8220;square&#8220; add_button=&#8220;bottom&#8220; btn_title=&#8220;Ansehen&#8220; btn_align=&#8220;center&#8220; btn_i_align=&#8220;right&#8220; btn_i_icon_fontawesome=&#8220;fa fa-solid fa-arrow-right&#8220; css=&#8220;.vc_custom_1749643645474{padding-top: 280px !important;padding-bottom: 35px !important;background-image: url(https:\/\/fraeylemaborg.nl\/wp-content\/uploads\/2025\/03\/Agenda-ontdek-afbeelding.jpg?id=854) !important;background-position: center !important;background-repeat: no-repeat !important;background-size: cover !important;}&#8220; btn_add_icon=&#8220;true&#8220; el_class=&#8220;grootblok&#8220; btn_link=&#8220;url:https%3A%2F%2Ffraeylemaborg.nl%2Fzien-en-doen%2Fagenda%2F|title:Agenda&#8220;][\/vc_cta][\/vc_column][\/vc_row][\/vc_section]\n<\/div>","protected":false},"excerpt":{"rendered":"<p>[vc_section full_width=&#8220;stretch_row&#8220; content_placement=&#8220;bottom&#8220; min_height=&#8220;600px&#8220; el_class=&#8220;topstrook wit&#8220; css=&#8220;.vc_custom_1740057394387{background-image: url(https:\/\/fraeylemaborg.nl\/wp-content\/uploads\/2025\/02\/Fraeylemaborg_feb25_039-Ronald-Zijlstra-2.webp?id=531) !important;background-position: center !important;background-repeat: no-repeat !important;background-size: cover !important;}&#8220;][vc_row gap=&#8220;35&#8243;][vc_column][vc_column_text css=&#8220;&#8220; el_class=&#8220;toptitel&#8220;]Ausstellung[\/vc_column_text][\/vc_column][\/vc_row][\/vc_section][vc_section full_width=&#8220;stretch_row&#8220; css=&#8220;.vc_custom_1736849115690{padding-top: 15px !important;}&#8220; el_class=&#8220;broodkruimels rs_skip&#8220;][vc_row gap=&#8220;35&#8243;][vc_column][vc_column_text css=&#8220;.vc_custom_1734013767112{margin-bottom: 15px !important;}&#8220;][\/vc_column_text][\/vc_column][\/vc_row][\/vc_section][vc_section full_width=&#8220;stretch_row&#8220;][vc_row gap=&#8220;35&#8243;][vc_column width=&#8220;1\/6&#8243;][\/vc_column][vc_column width=&#8220;2\/3&#8243;][vc_column_text css=&#8220;.vc_custom_1749643586445{margin-bottom: 0px !important;}&#8220; el_id=&#8220;voorlezen&#8220;] Fraeylemaborg Das Leben in einer Groninger Borg [\/vc_column_text][vc_column_text css=&#8220;&#8220; el_class=&#8220;eventinfo&#8220;]Dauerausstellung[\/vc_column_text][vc_column_text css=&#8220;&#8220;]Die Fraeylemaborg zeigt das Leben in einem Adelshaus im [&hellip;]<\/p>\n","protected":false},"author":1,"featured_media":0,"parent":1797,"menu_order":0,"comment_status":"closed","ping_status":"closed","template":"","meta":{"footnotes":""},"class_list":["post-1800","page","type-page","status-publish","hentry"],"yoast_head":"<!-- This site is optimized with the Yoast SEO plugin v27.5 - https:\/\/yoast.com\/product\/yoast-seo-wordpress\/ -->\n<title>Fraeylemaborg - Fraeylemaborg<\/title>\n<meta name=\"robots\" content=\"index, follow, max-snippet:-1, max-image-preview:large, max-video-preview:-1\" \/>\n<link rel=\"canonical\" href=\"https:\/\/fraeylemaborg.nl\/de\/sehen-und-machen\/ausstellungen\/fraeylemaborg\/\" \/>\n<meta property=\"og:locale\" content=\"de_DE\" \/>\n<meta property=\"og:type\" content=\"article\" \/>\n<meta property=\"og:title\" content=\"Fraeylemaborg - Fraeylemaborg\" \/>\n<meta property=\"og:description\" content=\"[vc_section full_width=&#8220;stretch_row&#8220; content_placement=&#8220;bottom&#8220; min_height=&#8220;600px&#8220; el_class=&#8220;topstrook wit&#8220; css=&#8220;.vc_custom_1740057394387{background-image: url(https:\/\/fraeylemaborg.nl\/wp-content\/uploads\/2025\/02\/Fraeylemaborg_feb25_039-Ronald-Zijlstra-2.webp?id=531) !important;background-position: center !important;background-repeat: no-repeat !important;background-size: cover !important;}&#8220;][vc_row gap=&#8220;35&#8243;][vc_column][vc_column_text css=&#8220;&#8220; el_class=&#8220;toptitel&#8220;]Ausstellung[\/vc_column_text][\/vc_column][\/vc_row][\/vc_section][vc_section full_width=&#8220;stretch_row&#8220; css=&#8220;.vc_custom_1736849115690{padding-top: 15px !important;}&#8220; el_class=&#8220;broodkruimels rs_skip&#8220;][vc_row gap=&#8220;35&#8243;][vc_column][vc_column_text css=&#8220;.vc_custom_1734013767112{margin-bottom: 15px !important;}&#8220;][\/vc_column_text][\/vc_column][\/vc_row][\/vc_section][vc_section full_width=&#8220;stretch_row&#8220;][vc_row gap=&#8220;35&#8243;][vc_column width=&#8220;1\/6&#8243;][\/vc_column][vc_column width=&#8220;2\/3&#8243;][vc_column_text css=&#8220;.vc_custom_1749643586445{margin-bottom: 0px !important;}&#8220; el_id=&#8220;voorlezen&#8220;] Fraeylemaborg Das Leben in einer Groninger Borg [\/vc_column_text][vc_column_text css=&#8220;&#8220; el_class=&#8220;eventinfo&#8220;]Dauerausstellung[\/vc_column_text][vc_column_text css=&#8220;&#8220;]Die Fraeylemaborg zeigt das Leben in einem Adelshaus im [&hellip;]\" \/>\n<meta property=\"og:url\" content=\"https:\/\/fraeylemaborg.nl\/de\/sehen-und-machen\/ausstellungen\/fraeylemaborg\/\" \/>\n<meta property=\"og:site_name\" content=\"Fraeylemaborg\" \/>\n<meta property=\"article:modified_time\" content=\"2025-06-11T12:07:29+00:00\" \/>\n<meta name=\"twitter:card\" content=\"summary_large_image\" \/>\n<meta name=\"twitter:label1\" content=\"Gesch\u00e4tzte Lesezeit\" \/>\n\t<meta name=\"twitter:data1\" content=\"2\u00a0Minuten\" \/>\n<script type=\"application\/ld+json\" class=\"yoast-schema-graph\">{\"@context\":\"https:\\\/\\\/schema.org\",\"@graph\":[{\"@type\":\"WebPage\",\"@id\":\"https:\\\/\\\/fraeylemaborg.nl\\\/de\\\/sehen-und-machen\\\/ausstellungen\\\/fraeylemaborg\\\/\",\"url\":\"https:\\\/\\\/fraeylemaborg.nl\\\/de\\\/sehen-und-machen\\\/ausstellungen\\\/fraeylemaborg\\\/\",\"name\":\"Fraeylemaborg - Fraeylemaborg\",\"isPartOf\":{\"@id\":\"https:\\\/\\\/fraeylemaborg.nl\\\/de\\\/#website\"},\"datePublished\":\"2025-02-10T13:21:53+00:00\",\"dateModified\":\"2025-06-11T12:07:29+00:00\",\"breadcrumb\":{\"@id\":\"https:\\\/\\\/fraeylemaborg.nl\\\/de\\\/sehen-und-machen\\\/ausstellungen\\\/fraeylemaborg\\\/#breadcrumb\"},\"inLanguage\":\"de\",\"potentialAction\":[{\"@type\":\"ReadAction\",\"target\":[\"https:\\\/\\\/fraeylemaborg.nl\\\/de\\\/sehen-und-machen\\\/ausstellungen\\\/fraeylemaborg\\\/\"]}]},{\"@type\":\"BreadcrumbList\",\"@id\":\"https:\\\/\\\/fraeylemaborg.nl\\\/de\\\/sehen-und-machen\\\/ausstellungen\\\/fraeylemaborg\\\/#breadcrumb\",\"itemListElement\":[{\"@type\":\"ListItem\",\"position\":1,\"name\":\"Home\",\"item\":\"https:\\\/\\\/fraeylemaborg.nl\\\/de\\\/\"},{\"@type\":\"ListItem\",\"position\":2,\"name\":\"Sehen und Machen\",\"item\":\"https:\\\/\\\/fraeylemaborg.nl\\\/de\\\/sehen-und-machen\\\/\"},{\"@type\":\"ListItem\",\"position\":3,\"name\":\"Ausstellungen\",\"item\":\"https:\\\/\\\/fraeylemaborg.nl\\\/de\\\/sehen-und-machen\\\/ausstellungen\\\/\"},{\"@type\":\"ListItem\",\"position\":4,\"name\":\"Fraeylemaborg\"}]},{\"@type\":\"WebSite\",\"@id\":\"https:\\\/\\\/fraeylemaborg.nl\\\/de\\\/#website\",\"url\":\"https:\\\/\\\/fraeylemaborg.nl\\\/de\\\/\",\"name\":\"Fraeylemaborg\",\"description\":\"Landgoed &amp; museum\",\"publisher\":{\"@id\":\"https:\\\/\\\/fraeylemaborg.nl\\\/de\\\/#organization\"},\"potentialAction\":[{\"@type\":\"SearchAction\",\"target\":{\"@type\":\"EntryPoint\",\"urlTemplate\":\"https:\\\/\\\/fraeylemaborg.nl\\\/de\\\/?s={search_term_string}\"},\"query-input\":{\"@type\":\"PropertyValueSpecification\",\"valueRequired\":true,\"valueName\":\"search_term_string\"}}],\"inLanguage\":\"de\"},{\"@type\":\"Organization\",\"@id\":\"https:\\\/\\\/fraeylemaborg.nl\\\/de\\\/#organization\",\"name\":\"Fraeylemaborg\",\"url\":\"https:\\\/\\\/fraeylemaborg.nl\\\/de\\\/\",\"logo\":{\"@type\":\"ImageObject\",\"inLanguage\":\"de\",\"@id\":\"https:\\\/\\\/fraeylemaborg.nl\\\/de\\\/#\\\/schema\\\/logo\\\/image\\\/\",\"url\":\"https:\\\/\\\/fraeylemaborg.nl\\\/wp-content\\\/uploads\\\/2024\\\/12\\\/FraeylemaborgLogo.webp\",\"contentUrl\":\"https:\\\/\\\/fraeylemaborg.nl\\\/wp-content\\\/uploads\\\/2024\\\/12\\\/FraeylemaborgLogo.webp\",\"width\":400,\"height\":266,\"caption\":\"Fraeylemaborg\"},\"image\":{\"@id\":\"https:\\\/\\\/fraeylemaborg.nl\\\/de\\\/#\\\/schema\\\/logo\\\/image\\\/\"}}]}<\/script>\n<!-- \/ Yoast SEO plugin. -->","yoast_head_json":{"title":"Fraeylemaborg - Fraeylemaborg","robots":{"index":"index","follow":"follow","max-snippet":"max-snippet:-1","max-image-preview":"max-image-preview:large","max-video-preview":"max-video-preview:-1"},"canonical":"https:\/\/fraeylemaborg.nl\/de\/sehen-und-machen\/ausstellungen\/fraeylemaborg\/","og_locale":"de_DE","og_type":"article","og_title":"Fraeylemaborg - Fraeylemaborg","og_description":"[vc_section full_width=&#8220;stretch_row&#8220; content_placement=&#8220;bottom&#8220; min_height=&#8220;600px&#8220; el_class=&#8220;topstrook wit&#8220; css=&#8220;.vc_custom_1740057394387{background-image: url(https:\/\/fraeylemaborg.nl\/wp-content\/uploads\/2025\/02\/Fraeylemaborg_feb25_039-Ronald-Zijlstra-2.webp?id=531) !important;background-position: center !important;background-repeat: no-repeat !important;background-size: cover !important;}&#8220;][vc_row gap=&#8220;35&#8243;][vc_column][vc_column_text css=&#8220;&#8220; el_class=&#8220;toptitel&#8220;]Ausstellung[\/vc_column_text][\/vc_column][\/vc_row][\/vc_section][vc_section full_width=&#8220;stretch_row&#8220; css=&#8220;.vc_custom_1736849115690{padding-top: 15px !important;}&#8220; el_class=&#8220;broodkruimels rs_skip&#8220;][vc_row gap=&#8220;35&#8243;][vc_column][vc_column_text css=&#8220;.vc_custom_1734013767112{margin-bottom: 15px !important;}&#8220;][\/vc_column_text][\/vc_column][\/vc_row][\/vc_section][vc_section full_width=&#8220;stretch_row&#8220;][vc_row gap=&#8220;35&#8243;][vc_column width=&#8220;1\/6&#8243;][\/vc_column][vc_column width=&#8220;2\/3&#8243;][vc_column_text css=&#8220;.vc_custom_1749643586445{margin-bottom: 0px !important;}&#8220; el_id=&#8220;voorlezen&#8220;] Fraeylemaborg Das Leben in einer Groninger Borg [\/vc_column_text][vc_column_text css=&#8220;&#8220; el_class=&#8220;eventinfo&#8220;]Dauerausstellung[\/vc_column_text][vc_column_text css=&#8220;&#8220;]Die Fraeylemaborg zeigt das Leben in einem Adelshaus im [&hellip;]","og_url":"https:\/\/fraeylemaborg.nl\/de\/sehen-und-machen\/ausstellungen\/fraeylemaborg\/","og_site_name":"Fraeylemaborg","article_modified_time":"2025-06-11T12:07:29+00:00","twitter_card":"summary_large_image","twitter_misc":{"Gesch\u00e4tzte Lesezeit":"2\u00a0Minuten"},"schema":{"@context":"https:\/\/schema.org","@graph":[{"@type":"WebPage","@id":"https:\/\/fraeylemaborg.nl\/de\/sehen-und-machen\/ausstellungen\/fraeylemaborg\/","url":"https:\/\/fraeylemaborg.nl\/de\/sehen-und-machen\/ausstellungen\/fraeylemaborg\/","name":"Fraeylemaborg - Fraeylemaborg","isPartOf":{"@id":"https:\/\/fraeylemaborg.nl\/de\/#website"},"datePublished":"2025-02-10T13:21:53+00:00","dateModified":"2025-06-11T12:07:29+00:00","breadcrumb":{"@id":"https:\/\/fraeylemaborg.nl\/de\/sehen-und-machen\/ausstellungen\/fraeylemaborg\/#breadcrumb"},"inLanguage":"de","potentialAction":[{"@type":"ReadAction","target":["https:\/\/fraeylemaborg.nl\/de\/sehen-und-machen\/ausstellungen\/fraeylemaborg\/"]}]},{"@type":"BreadcrumbList","@id":"https:\/\/fraeylemaborg.nl\/de\/sehen-und-machen\/ausstellungen\/fraeylemaborg\/#breadcrumb","itemListElement":[{"@type":"ListItem","position":1,"name":"Home","item":"https:\/\/fraeylemaborg.nl\/de\/"},{"@type":"ListItem","position":2,"name":"Sehen und Machen","item":"https:\/\/fraeylemaborg.nl\/de\/sehen-und-machen\/"},{"@type":"ListItem","position":3,"name":"Ausstellungen","item":"https:\/\/fraeylemaborg.nl\/de\/sehen-und-machen\/ausstellungen\/"},{"@type":"ListItem","position":4,"name":"Fraeylemaborg"}]},{"@type":"WebSite","@id":"https:\/\/fraeylemaborg.nl\/de\/#website","url":"https:\/\/fraeylemaborg.nl\/de\/","name":"Fraeylemaborg","description":"Landgoed &amp; museum","publisher":{"@id":"https:\/\/fraeylemaborg.nl\/de\/#organization"},"potentialAction":[{"@type":"SearchAction","target":{"@type":"EntryPoint","urlTemplate":"https:\/\/fraeylemaborg.nl\/de\/?s={search_term_string}"},"query-input":{"@type":"PropertyValueSpecification","valueRequired":true,"valueName":"search_term_string"}}],"inLanguage":"de"},{"@type":"Organization","@id":"https:\/\/fraeylemaborg.nl\/de\/#organization","name":"Fraeylemaborg","url":"https:\/\/fraeylemaborg.nl\/de\/","logo":{"@type":"ImageObject","inLanguage":"de","@id":"https:\/\/fraeylemaborg.nl\/de\/#\/schema\/logo\/image\/","url":"https:\/\/fraeylemaborg.nl\/wp-content\/uploads\/2024\/12\/FraeylemaborgLogo.webp","contentUrl":"https:\/\/fraeylemaborg.nl\/wp-content\/uploads\/2024\/12\/FraeylemaborgLogo.webp","width":400,"height":266,"caption":"Fraeylemaborg"},"image":{"@id":"https:\/\/fraeylemaborg.nl\/de\/#\/schema\/logo\/image\/"}}]}},"_links":{"self":[{"href":"https:\/\/fraeylemaborg.nl\/de\/wp-json\/wp\/v2\/pages\/1800","targetHints":{"allow":["GET"]}}],"collection":[{"href":"https:\/\/fraeylemaborg.nl\/de\/wp-json\/wp\/v2\/pages"}],"about":[{"href":"https:\/\/fraeylemaborg.nl\/de\/wp-json\/wp\/v2\/types\/page"}],"author":[{"embeddable":true,"href":"https:\/\/fraeylemaborg.nl\/de\/wp-json\/wp\/v2\/users\/1"}],"replies":[{"embeddable":true,"href":"https:\/\/fraeylemaborg.nl\/de\/wp-json\/wp\/v2\/comments?post=1800"}],"version-history":[{"count":2,"href":"https:\/\/fraeylemaborg.nl\/de\/wp-json\/wp\/v2\/pages\/1800\/revisions"}],"predecessor-version":[{"id":1802,"href":"https:\/\/fraeylemaborg.nl\/de\/wp-json\/wp\/v2\/pages\/1800\/revisions\/1802"}],"up":[{"embeddable":true,"href":"https:\/\/fraeylemaborg.nl\/de\/wp-json\/wp\/v2\/pages\/1797"}],"wp:attachment":[{"href":"https:\/\/fraeylemaborg.nl\/de\/wp-json\/wp\/v2\/media?parent=1800"}],"curies":[{"name":"wp","href":"https:\/\/api.w.org\/{rel}","templated":true}]}}